{"id":2,"date":"2011-09-27T14:28:37","date_gmt":"2011-09-27T14:28:37","guid":{"rendered":"http:\/\/site.dantemelano.com.ar\/?page_id=2"},"modified":"2015-08-25T01:38:25","modified_gmt":"2015-08-25T03:38:25","slug":"empresa","status":"publish","type":"page","link":"http:\/\/www.dantemelano.com.ar\/site\/empresa\/","title":{"rendered":"Empresa"},"content":{"rendered":"<blockquote>\n<h2 style=\"text-align: center;\"><strong>Dante Melano Comunicaciones<\/strong> es una empresa, nacida en la Provincia\u00a0de Santa Cruz hace m\u00e1s de 25 a\u00f1os con el nombre de SicSaTel, en sus primeros\u00a0a\u00f1os dedicada \u00edntegramente a las radiocomunicaciones.<\/h2>\n<\/blockquote>\n<h3><span style=\"color: #f15a24;\">1997<\/span><\/h3>\n<p><span style=\"color: #99cc00;\">&#8211;<\/span><br \/>\nLa firma cambia su nombre a Dante Melano Comunicaciones; m\u00e1s\u00a0ese no ser\u00eda el \u00fanico cambio, se ampl\u00eda el plantel t\u00e9cnico y se incorporan nuevos rubros:\u00a0telefon\u00eda rural y producci\u00f3n de energ\u00edas alternativas (<strong>e\u00f3lica y solar<\/strong>). A trav\u00e9s\u00a0de esas incorporaciones sentamos las bases de un estilo de crecimiento innovador\u00a0que nos impulsa constantemente.<\/p>\n<h3><span style=\"color: #f15a24;\">1998<\/span><\/h3>\n<p><span style=\"color: #99cc00;\">&#8211;\u00a0<\/span><br \/>\nInstalamos el primer nodo de Smartrunk, un sistema que hace posible la comunicaci\u00f3n\u00a0telef\u00f3nica con zonas muy distantes, donde no existe un sistema alternativo.<br \/>\nDesde entonces, un importante n\u00famero de clientes rurales, empresas de turismo\u00a0y de transporte conf\u00edan en nuestro servicio de telefon\u00eda rural. Nosotros realizamos\u00a0la totalidad de la estructura, tanto en la instalaci\u00f3n, como en el mantenimiento\u00a0y su permanente ampliaci\u00f3n.<\/p>\n<h3><span style=\"color: #f15a24;\">2001<\/span><\/h3>\n<p><span style=\"color: #99cc00;\">&#8211;\u00a0<\/span><br \/>\nComenzamos a instalar sistemas de enlaces de datos de todo tipo (<a title=\"Productos\" href=\"http:\/\/www.dantemelano.com.ar\/site\/index.php\/productos\/\"><strong>PTP<\/strong> y\u00a0<strong>PMP<\/strong><\/a>). &#8220;Nos enorgullece saber que en esta l\u00ednea de trabajo, somos l\u00edderes en todo el territorio\u00a0provincial&#8221;.<br \/>\nLuego, aprovechando algunas conexiones Ethernet, incursionamos\u00a0en la tecnolog\u00eda de voz sobre <a title=\"Productos\" href=\"http:\/\/www.dantemelano.com.ar\/site\/index.php\/productos\/\"><strong>IP<\/strong> (<strong>VOIP<\/strong>)<\/a>, llevando telefon\u00eda privada a sitios a\u00fan\u00a0m\u00e1s remotos todav\u00eda. Nuestro impulso de mantener comunicada a Santa Cruz se refleja\u00a0d\u00eda a d\u00eda y en cada uno de nuestros emprendimientos.\u00a0Tambi\u00e9n en 2001 emprendimos la instalaci\u00f3n de centrales telef\u00f3nicas, sus accesorios\u00a0y mantenimiento.<\/p>\n<h3><span style=\"color: #f15a24;\">2007<\/span><\/h3>\n<p><span style=\"color: #99cc00;\">&#8211;\u00a0<\/span><br \/>\nDesde el a\u00f1o 2007, en un trabajo conjunto con especialistas y organizaciones sin fines\u00a0de lucro, instalamos sistemas de alimentaci\u00f3n con <span style=\"color: #f15a24;\"><strong><a style=\"color: #f15a24;\" href=\"http:\/\/www.dantemelano.com.ar\/site\/index.php\/servicios\/energia-renovable\/\">energ\u00edas renovables<\/a><\/strong>.<\/span><br \/>\nEn esta\u00a0l\u00ednea, ofrecemos paneles solares y generadores e\u00f3licos, lo cual puede ser combinado\u00a0en un sistema inteligente, que mantiene la carga de bater\u00edas de ciclo profundo y\u00a0semiestacionarias, especiales para servicio ininterrumpido de suministro el\u00e9ctrico\u00a0donde se necesite.<\/p>\n<h1 style=\"text-align: center;\"><span style=\"color: #c0c0c0;\">&#8211;<\/span><br \/>\n&#8220;Brindamos sistemas personalizados para cada necesidad de consumo&#8221;<\/h1>\n","protected":false},"excerpt":{"rendered":"<p>Dante Melano Comunicaciones es una empresa, nacida en la Provincia\u00a0de Santa Cruz hace m\u00e1s de 25 a\u00f1os con el nombre de SicSaTel, en sus primeros\u00a0a\u00f1os dedicada \u00edntegramente a las radiocomunicaciones. 1997 &#8211; La firma cambia su nombre a Dante Melano Comunicaciones; m\u00e1s\u00a0ese no ser\u00eda el \u00fanico cambio, se ampl\u00eda el plantel t\u00e9cnico y se incorporan [&hellip;]<\/p>\n","protected":false},"author":1,"featured_media":0,"parent":0,"menu_order":0,"comment_status":"closed","ping_status":"open","template":"page-full.php","meta":{"footnotes":"","_links_to":"","_links_to_target":""},"class_list":["post-2","page","type-page","status-publish","hentry"],"_links":{"self":[{"href":"http:\/\/www.dantemelano.com.ar\/site\/wp-json\/wp\/v2\/pages\/2","targetHints":{"allow":["GET"]}}],"collection":[{"href":"http:\/\/www.dantemelano.com.ar\/site\/wp-json\/wp\/v2\/pages"}],"about":[{"href":"http:\/\/www.dantemelano.com.ar\/site\/wp-json\/wp\/v2\/types\/page"}],"author":[{"embeddable":true,"href":"http:\/\/www.dantemelano.com.ar\/site\/wp-json\/wp\/v2\/users\/1"}],"replies":[{"embeddable":true,"href":"http:\/\/www.dantemelano.com.ar\/site\/wp-json\/wp\/v2\/comments?post=2"}],"version-history":[{"count":37,"href":"http:\/\/www.dantemelano.com.ar\/site\/wp-json\/wp\/v2\/pages\/2\/revisions"}],"predecessor-version":[{"id":596,"href":"http:\/\/www.dantemelano.com.ar\/site\/wp-json\/wp\/v2\/pages\/2\/revisions\/596"}],"wp:attachment":[{"href":"http:\/\/www.dantemelano.com.ar\/site\/wp-json\/wp\/v2\/media?parent=2"}],"curies":[{"name":"wp","href":"https:\/\/api.w.org\/{rel}","templated":true}]}}