{"id":51,"date":"2011-09-29T14:00:33","date_gmt":"2011-09-29T16:00:33","guid":{"rendered":"http:\/\/www.dantemelano.com.ar\/site\/?page_id=51"},"modified":"2025-04-21T16:00:35","modified_gmt":"2025-04-21T18:00:35","slug":"energia-renovable","status":"publish","type":"page","link":"http:\/\/www.dantemelano.com.ar\/site\/servicios\/energia-renovable\/","title":{"rendered":"Energ\u00eda renovable"},"content":{"rendered":"<p><strong>Somos DM<\/strong>\u00a0\u2013\u00a0<span style=\"color: #99cc00;\"><strong>Divisi\u00f3n Energ\u00eda renovable<\/strong><\/span>\u00a0\u2013 Ofrecemos sistemas de suministro de energ\u00eda renovable, limpia y de bajo ruido para sitios aislados, como as\u00ed tambi\u00e9n shelter (albergues) para tableros, equipos de control, adquisici\u00f3n de datos y transmisi\u00f3n para diversas aplicaciones.<\/p>\n<p><img loading=\"lazy\" decoding=\"async\" class=\"alignnone size-full wp-image-76\" style=\"margin-top: 5px; margin-bottom: 5px; border: 1px solid white;\" title=\"renovable\" src=\"http:\/\/www.dantemelano.com.ar\/site\/wp-content\/uploads\/2011\/09\/renovable.jpg\" alt=\"\" width=\"960\" height=\"200\" srcset=\"http:\/\/www.dantemelano.com.ar\/site\/wp-content\/uploads\/2011\/09\/renovable.jpg 960w, http:\/\/www.dantemelano.com.ar\/site\/wp-content\/uploads\/2011\/09\/renovable-300x62.jpg 300w\" sizes=\"auto, (max-width: 960px) 100vw, 960px\" \/><\/p>\n<h3><span style=\"color: #00ccff;\">&#8212;&#8212;&#8212;&#8212;&#8212;&#8212;&#8212;&#8212;&#8212;&#8212;&#8212;&#8212;&#8212;&#8212;&#8212;&#8212;&#8212;&#8212;&#8212;&#8212;&#8212;&#8212;&#8212;&#8212;&#8212;&#8212;&#8212;&#8212;&#8212;&#8212;&#8212;&#8212;&#8212;&#8212;&#8212;&#8212;&#8212;&#8212;&#8212;&#8212;&#8212;&#8212;&#8212;&#8212;&#8212;-<\/span><br \/>\n<span style=\"color: #99cc00;\">Nuestra Misi\u00f3n:<\/span><\/h3>\n<h3><strong>Ofrecer soluciones de alta calidad a precios competitivos, utilizando las nuevas tecnolog\u00edas de energ\u00eda limpias que mejor se adaptan a nuestro medio.<\/strong><\/h3>\n<h3><span style=\"color: #99cc00;\">&#8212;&#8212;&#8212;&#8212;&#8212;&#8212;&#8212;&#8212;&#8212;&#8212;&#8212;&#8212;&#8212;&#8212;&#8212;&#8212;&#8212;&#8212;&#8212;&#8212;&#8212;&#8212;&#8212;&#8212;&#8212;&#8212;&#8212;&#8212;&#8212;&#8212;&#8212;&#8212;&#8212;&#8212;&#8212;&#8212;&#8212;&#8212;&#8212;&#8212;&#8212;&#8212;&#8212;&#8212;&#8212;-<\/span><\/h3>\n<table border=\"0\" width=\"960\" cellspacing=\"0\" cellpadding=\"0\">\n<tbody>\n<tr>\n<td scope=\"row\" align=\"left\" valign=\"top\" width=\"292\">\n<h2>Soluciones:<\/h2>\n<\/td>\n<td align=\"left\" valign=\"top\" width=\"40\"><\/td>\n<td align=\"left\" valign=\"top\" width=\"292\"><\/td>\n<td align=\"left\" valign=\"top\" width=\"40\"><\/td>\n<td align=\"left\" valign=\"top\" width=\"294\"><\/td>\n<\/tr>\n<tr>\n<td scope=\"row\" align=\"left\" valign=\"top\"><\/td>\n<td align=\"left\" valign=\"top\"><\/td>\n<td align=\"left\" valign=\"top\"><\/td>\n<td align=\"left\" valign=\"top\"><\/td>\n<td align=\"left\" valign=\"top\"><\/td>\n<\/tr>\n<tr>\n<td scope=\"row\" align=\"left\" valign=\"top\"><strong><span style=\"color: #00ccff;\">1.<\/span><\/strong> Sistemas de comunicaci\u00f3n y transmisi\u00f3n de datos para energ\u00edas renovables, dise\u00f1o y montaje de torres y sistemas e\u00f3licos con freno, sistemas fotovoltaicos. Simulaci\u00f3n preliminar del sistema por software. armado y montaje de sistemas de medici\u00f3n. Comunicaci\u00f3n GPRS \/ GSM con modem celular.<\/td>\n<td align=\"left\" valign=\"top\"><\/td>\n<td align=\"left\" valign=\"top\"><span style=\"color: #00ccff;\"><strong>2.\u00a0<\/strong><\/span>Distribuci\u00f3n y emplazamiento, montajes, albergues para equipos, interfases con equipos t\u00e9rmicos, electromec\u00e1nicos y quimicos propios de instalaciones petroleras. Evaluaci\u00f3n de impactos, aspectos econ\u00f3micos y sociales. Innovaci\u00f3n y pasivos ambientales evitados, sobre todo en caso de industrias extractivas.<\/td>\n<td align=\"left\" valign=\"top\"><\/td>\n<td align=\"left\" valign=\"top\"><strong><span style=\"color: #00ccff;\">3.<\/span><\/strong> Dise\u00f1o y construcci\u00f3n de tableros, sistemas de adquisici\u00f3n de datos, armado de PLCs, interfase RS232 \/ RS485 con SCADA. Sistemas de almacenamiento de datos de potencia y energ\u00eda, programaci\u00f3n. Curva de potencia de aerogeneradores. Medici\u00f3n de viento y evaluaciones de recurso e\u00f3lico. Simulaci\u00f3n de Sistemas de Energ\u00eda Renovable.<\/td>\n<\/tr>\n<tr>\n<td scope=\"row\" align=\"left\" valign=\"top\"><img loading=\"lazy\" decoding=\"async\" class=\"alignnone size-full wp-image-135\" style=\"border: 1px solid white;\" title=\"eolica-mundial\" src=\"http:\/\/www.dantemelano.com.ar\/site\/wp-content\/uploads\/2011\/09\/eolica-mundial.jpg\" alt=\"\" width=\"290\" height=\"200\" \/><\/td>\n<td align=\"left\" valign=\"top\"><\/td>\n<td align=\"left\" valign=\"top\"><img loading=\"lazy\" decoding=\"async\" class=\"alignnone size-full wp-image-137\" style=\"border: 1px solid white;\" title=\"PanelSolar\" src=\"http:\/\/www.dantemelano.com.ar\/site\/wp-content\/uploads\/2011\/09\/PanelSolar.jpg\" alt=\"\" width=\"290\" height=\"200\" \/><\/td>\n<td align=\"left\" valign=\"top\"><\/td>\n<td align=\"left\" valign=\"top\"><img loading=\"lazy\" decoding=\"async\" class=\"alignnone size-full wp-image-170\" style=\"border: 1px solid white;\" title=\"estadisticas\" src=\"http:\/\/www.dantemelano.com.ar\/site\/wp-content\/uploads\/2011\/09\/estadisticas.jpg\" alt=\"\" width=\"290\" height=\"200\" \/><\/td>\n<\/tr>\n<tr>\n<td scope=\"row\" align=\"left\" valign=\"top\"><\/td>\n<td align=\"left\" valign=\"top\"><\/td>\n<td align=\"left\" valign=\"top\"><\/td>\n<td align=\"left\" valign=\"top\"><\/td>\n<td align=\"left\" valign=\"top\"><\/td>\n<\/tr>\n<\/tbody>\n<\/table>\n<p>&#8211;<\/p>\n<p><strong><span style=\"color: #99cc00;\">PROYECTOS<\/span>, <span style=\"color: #00ccff;\">CONSULTAS<\/span> <span style=\"color: #c0c0c0;\">Y PRESUPUESTOS:<\/span><\/strong><\/p>\n<a href='http:\/\/www.dantemelano.com.ar\/site\/contacto\/' class='icon-button people-icon'>Contacto<span class='et-icon'><\/span><\/a>\n","protected":false},"excerpt":{"rendered":"<p>Somos DM\u00a0\u2013\u00a0Divisi\u00f3n Energ\u00eda renovable\u00a0\u2013 Ofrecemos sistemas de suministro de energ\u00eda renovable, limpia y de bajo ruido para sitios aislados, como as\u00ed tambi\u00e9n shelter (albergues) para tableros, equipos de control, adquisici\u00f3n de datos y transmisi\u00f3n para diversas aplicaciones. &#8212;&#8212;&#8212;&#8212;&#8212;&#8212;&#8212;&#8212;&#8212;&#8212;&#8212;&#8212;&#8212;&#8212;&#8212;&#8212;&#8212;&#8212;&#8212;&#8212;&#8212;&#8212;&#8212;&#8212;&#8212;&#8212;&#8212;&#8212;&#8212;&#8212;&#8212;&#8212;&#8212;&#8212;&#8212;&#8212;&#8212;&#8212;&#8212;&#8212;&#8212;&#8212;&#8212;&#8212;&#8212;- Nuestra Misi\u00f3n: Ofrecer soluciones de alta calidad a precios competitivos, utilizando las nuevas tecnolog\u00edas de energ\u00eda limpias [&hellip;]<\/p>\n","protected":false},"author":1,"featured_media":0,"parent":15,"menu_order":1,"comment_status":"closed","ping_status":"open","template":"page-full.php","meta":{"footnotes":"","_links_to":"","_links_to_target":""},"class_list":["post-51","page","type-page","status-publish","hentry"],"_links":{"self":[{"href":"http:\/\/www.dantemelano.com.ar\/site\/wp-json\/wp\/v2\/pages\/51","targetHints":{"allow":["GET"]}}],"collection":[{"href":"http:\/\/www.dantemelano.com.ar\/site\/wp-json\/wp\/v2\/pages"}],"about":[{"href":"http:\/\/www.dantemelano.com.ar\/site\/wp-json\/wp\/v2\/types\/page"}],"author":[{"embeddable":true,"href":"http:\/\/www.dantemelano.com.ar\/site\/wp-json\/wp\/v2\/users\/1"}],"replies":[{"embeddable":true,"href":"http:\/\/www.dantemelano.com.ar\/site\/wp-json\/wp\/v2\/comments?post=51"}],"version-history":[{"count":42,"href":"http:\/\/www.dantemelano.com.ar\/site\/wp-json\/wp\/v2\/pages\/51\/revisions"}],"predecessor-version":[{"id":739,"href":"http:\/\/www.dantemelano.com.ar\/site\/wp-json\/wp\/v2\/pages\/51\/revisions\/739"}],"up":[{"embeddable":true,"href":"http:\/\/www.dantemelano.com.ar\/site\/wp-json\/wp\/v2\/pages\/15"}],"wp:attachment":[{"href":"http:\/\/www.dantemelano.com.ar\/site\/wp-json\/wp\/v2\/media?parent=51"}],"curies":[{"name":"wp","href":"https:\/\/api.w.org\/{rel}","templated":true}]}}