{"id":631,"date":"2020-08-21T19:53:17","date_gmt":"2020-08-21T21:53:17","guid":{"rendered":"http:\/\/www.dantemelano.com.ar\/site\/?page_id=631"},"modified":"2025-04-21T13:24:19","modified_gmt":"2025-04-21T15:24:19","slug":"politica-de-calidad","status":"publish","type":"page","link":"http:\/\/www.dantemelano.com.ar\/site\/politica-de-calidad\/","title":{"rendered":"Pol\u00edtica de Calidad"},"content":{"rendered":"<p><strong>Dante Melano Comunicaciones (DMC)<\/strong> vali\u00e9ndose del trabajo colaborativo de todo su equipo, tiene como Misi\u00f3n conectar personas a trav\u00e9s de la venta, instalaci\u00f3n y mantenimiento de sistemas de radiocomunicaciones y desarrollar un futuro 100% sostenible a trav\u00e9s de energ\u00edas renovables.<\/p>\n<p>Dado que nuestros clientes son importantes para la empresa, nos comprometemos a sustentar la mejora continua de los procesos y la calidad de los productos y servicios que ofrecemos a fin de asegurar la satisfacci\u00f3n de nuestros clientes en cumplimiento de los requisitos aplicables, en un marco de innovaci\u00f3n permanente.<\/p>\n<p>Es por ello que la direcci\u00f3n en una decisi\u00f3n conjunta con todos los miembros de la empresa decide implementar y mantener un <strong>Sistema de Gesti\u00f3n de Calidad basado en las Normas Internacionales.<\/strong><\/p>\n<p>Nuestra visi\u00f3n es ser una empresa l\u00edder en la prestaci\u00f3n de servicios de comunicaciones y soluciones energ\u00e9ticas sustentables , acertada en los diagn\u00f3sticos y la m\u00e1s segura para sus colaboradores y clientes.<\/p>\n<p><span style=\"color: #99cc00;\"><strong>Nuestros valores son:<\/strong><\/span><\/p>\n<ul>\n<li>Cumplimiento con los requisitos aplicables y pactados con los clientes.<\/li>\n<li>Eficiencia en el servicio prestado.<\/li>\n<li>Honestidad.<\/li>\n<li>Seguridad para sus colaboradores.<\/li>\n<li>Trabajo en equipo.<\/li>\n<li>Orientaci\u00f3n al cliente.<\/li>\n<li>Elevada calidad de servicio.<\/li>\n<li>Cumplimiento en los tiempos previstos.<\/li>\n<\/ul>\n","protected":false},"excerpt":{"rendered":"<p>Dante Melano Comunicaciones (DMC) vali\u00e9ndose del trabajo colaborativo de todo su equipo, tiene como Misi\u00f3n conectar personas a trav\u00e9s de la venta, instalaci\u00f3n y mantenimiento de sistemas de radiocomunicaciones y desarrollar un futuro 100% sostenible a trav\u00e9s de energ\u00edas renovables. Dado que nuestros clientes son importantes para la empresa, nos comprometemos a sustentar la mejora [&hellip;]<\/p>\n","protected":false},"author":1,"featured_media":632,"parent":0,"menu_order":0,"comment_status":"closed","ping_status":"closed","template":"page-full.php","meta":{"footnotes":"","_links_to":"","_links_to_target":""},"class_list":["post-631","page","type-page","status-publish","has-post-thumbnail","hentry"],"_links":{"self":[{"href":"http:\/\/www.dantemelano.com.ar\/site\/wp-json\/wp\/v2\/pages\/631","targetHints":{"allow":["GET"]}}],"collection":[{"href":"http:\/\/www.dantemelano.com.ar\/site\/wp-json\/wp\/v2\/pages"}],"about":[{"href":"http:\/\/www.dantemelano.com.ar\/site\/wp-json\/wp\/v2\/types\/page"}],"author":[{"embeddable":true,"href":"http:\/\/www.dantemelano.com.ar\/site\/wp-json\/wp\/v2\/users\/1"}],"replies":[{"embeddable":true,"href":"http:\/\/www.dantemelano.com.ar\/site\/wp-json\/wp\/v2\/comments?post=631"}],"version-history":[{"count":6,"href":"http:\/\/www.dantemelano.com.ar\/site\/wp-json\/wp\/v2\/pages\/631\/revisions"}],"predecessor-version":[{"id":690,"href":"http:\/\/www.dantemelano.com.ar\/site\/wp-json\/wp\/v2\/pages\/631\/revisions\/690"}],"wp:featuredmedia":[{"embeddable":true,"href":"http:\/\/www.dantemelano.com.ar\/site\/wp-json\/wp\/v2\/media\/632"}],"wp:attachment":[{"href":"http:\/\/www.dantemelano.com.ar\/site\/wp-json\/wp\/v2\/media?parent=631"}],"curies":[{"name":"wp","href":"https:\/\/api.w.org\/{rel}","templated":true}]}}